{"id":4640,"date":"2025-09-22T12:56:08","date_gmt":"2025-09-22T12:56:08","guid":{"rendered":"https:\/\/debouchtoutco.eu\/produit\/vlekverwijderaar-make-up-aarde-gras\/"},"modified":"2025-11-07T10:51:01","modified_gmt":"2025-11-07T10:51:01","slug":"vlekverwijderaar-make-up-aarde-gras","status":"publish","type":"product","link":"https:\/\/debouchtoutco.eu\/nl\/produit\/vlekverwijderaar-make-up-aarde-gras\/","title":{"rendered":"Vlekverwijderaar Make-up, Aarde &amp; Gras"},"content":{"rendered":"\t\t<div data-elementor-type=\"wp-post\" data-elementor-id=\"4640\" class=\"elementor elementor-4640 elementor-3866\" data-elementor-post-type=\"product\">\n\t\t\t\t<div class=\"elementor-element elementor-element-a1d8424 e-flex e-con-boxed e-con e-parent\" data-id=\"a1d8424\" data-element_type=\"container\" data-e-type=\"container\">\n\t\t\t\t\t<div class=\"e-con-inner\">\n\t\t<div class=\"elementor-element elementor-element-50b2a64 e-con-full e-flex e-con e-child\" data-id=\"50b2a64\" data-element_type=\"container\" data-e-type=\"container\" data-settings=\"{&quot;background_background&quot;:&quot;classic&quot;}\">\n\t\t\t\t<div class=\"elementor-element elementor-element-5130174 elementor-widget__width-initial elementor-widget-tablet__width-inherit elementor-widget elementor-widget-image\" data-id=\"5130174\" data-element_type=\"widget\" data-e-type=\"widget\" data-widget_type=\"image.default\">\n\t\t\t\t\t\t\t\t\t\t\t\t\t\t\t<img fetchpriority=\"high\" decoding=\"async\" width=\"2000\" height=\"2000\" src=\"https:\/\/debouchtoutco.eu\/wp-content\/uploads\/2025\/09\/2031116-detachant-maquillage-terre-herbe-100ml-04.jpg\" class=\"attachment-full size-full wp-image-5150 wp-post-image\" alt=\"\" srcset=\"https:\/\/debouchtoutco.eu\/wp-content\/uploads\/2025\/09\/2031116-detachant-maquillage-terre-herbe-100ml-04.jpg 2000w, https:\/\/debouchtoutco.eu\/wp-content\/uploads\/2025\/09\/2031116-detachant-maquillage-terre-herbe-100ml-04-300x300.jpg 300w, https:\/\/debouchtoutco.eu\/wp-content\/uploads\/2025\/09\/2031116-detachant-maquillage-terre-herbe-100ml-04-1024x1024.jpg 1024w, https:\/\/debouchtoutco.eu\/wp-content\/uploads\/2025\/09\/2031116-detachant-maquillage-terre-herbe-100ml-04-150x150.jpg 150w, https:\/\/debouchtoutco.eu\/wp-content\/uploads\/2025\/09\/2031116-detachant-maquillage-terre-herbe-100ml-04-768x768.jpg 768w, https:\/\/debouchtoutco.eu\/wp-content\/uploads\/2025\/09\/2031116-detachant-maquillage-terre-herbe-100ml-04-1536x1536.jpg 1536w, https:\/\/debouchtoutco.eu\/wp-content\/uploads\/2025\/09\/2031116-detachant-maquillage-terre-herbe-100ml-04-600x600.jpg 600w, https:\/\/debouchtoutco.eu\/wp-content\/uploads\/2025\/09\/2031116-detachant-maquillage-terre-herbe-100ml-04-100x100.jpg 100w\" sizes=\"(max-width: 2000px) 100vw, 2000px\" \/>\t\t\t\t\t\t\t\t\t\t\t\t\t\t\t<\/div>\n\t\t<div class=\"elementor-element elementor-element-81404b0 e-con-full e-flex e-con e-child\" data-id=\"81404b0\" data-element_type=\"container\" data-e-type=\"container\">\n\t\t<div class=\"elementor-element elementor-element-ff731a5 e-con-full e-flex e-con e-child\" data-id=\"ff731a5\" data-element_type=\"container\" data-e-type=\"container\">\n\t\t\t\t<div class=\"elementor-element elementor-element-b001079 elementor-widget elementor-widget-text-editor\" data-id=\"b001079\" data-element_type=\"widget\" data-e-type=\"widget\" data-widget_type=\"text-editor.default\">\n\t\t\t\t\t\t\t\t\t<p>De krachtige formule werkt direct in de kern van de vlek om deze op te lossen, zonder je kleding te beschadigen. Resultaat: schone en stralende was, klaar om opnieuw gedragen te worden. <\/p>\t\t\t\t\t\t\t\t<\/div>\n\t\t\t\t<\/div>\n\t\t\t\t<div class=\"elementor-element elementor-element-038f089 elementor-widget elementor-widget-heading\" data-id=\"038f089\" data-element_type=\"widget\" data-e-type=\"widget\" data-widget_type=\"heading.default\">\n\t\t\t\t\t<h2 class=\"elementor-heading-title elementor-size-default\">Gebruiksaanwijzing<\/h2>\t\t\t\t<\/div>\n\t\t\t\t<div class=\"elementor-element elementor-element-847cdc6 elementor-widget elementor-widget-text-editor\" data-id=\"847cdc6\" data-element_type=\"widget\" data-e-type=\"widget\" data-widget_type=\"text-editor.default\">\n\t\t\t\t\t\t\t\t\t<ol>\n \t<li>Verwijder het overtollige van de vlek.<\/li>\n \t<li>Doordrenk het bevlekte deel met de oplossing, geplaatst in een schoteltje.<\/li>\n \t<li>Laat 10 tot 15 minuten inwerken.<\/li>\n \t<li>Wrijf stof tegen stof en spoel daarna overvloedig met warm water.<\/li>\n \t<li>Herhaal indien nodig de handeling en laat langer inwerken.<\/li>\n<\/ol>\n<strong>Tip voor delicate stoffen (wol, zijde, viscose)<\/strong>\n<ul>\n \t<li>Gebruik 2 keer minder product.<\/li>\n \t<li>Dep de vlek op een absorberende ondergrond met een doek gedrenkt in de oplossing.<\/li>\n \t<li>Eindig met deppen met een vochtige doek.<\/li>\n<\/ul>\n<strong>Resultaat<\/strong>: schone, nette kleding zonder vlekken, zelfs op je favoriete stoffen.\t\t\t\t\t\t\t\t<\/div>\n\t\t\t\t<\/div>\n\t\t\t\t<\/div>\n\t\t\t\t\t<\/div>\n\t\t\t\t<\/div>\n\t\t<div class=\"elementor-element elementor-element-108e0a4 e-flex e-con-boxed e-con e-parent\" data-id=\"108e0a4\" data-element_type=\"container\" data-e-type=\"container\">\n\t\t\t\t\t<div class=\"e-con-inner\">\n\t\t\t\t<div class=\"elementor-element elementor-element-8c1306e elementor-mobile-align-center elementor-widget elementor-widget-button\" data-id=\"8c1306e\" data-element_type=\"widget\" data-e-type=\"widget\" data-widget_type=\"button.default\">\n\t\t\t\t\t\t\t\t\t\t<a class=\"elementor-button elementor-button-link elementor-size-sm\" href=\"http:\/\/debouchtoutco.eu\/wp-content\/uploads\/2025\/11\/FT-FR-2031116-Detachant-maquillage-terre-herbe-100-ml.pdf\" target=\"_blank\">\n\t\t\t\t\t\t<span class=\"elementor-button-content-wrapper\">\n\t\t\t\t\t\t<span class=\"elementor-button-icon\">\n\t\t\t\t<svg aria-hidden=\"true\" class=\"e-font-icon-svg e-fas-chevron-right\" viewBox=\"0 0 320 512\" xmlns=\"http:\/\/www.w3.org\/2000\/svg\"><path d=\"M285.476 272.971L91.132 467.314c-9.373 9.373-24.569 9.373-33.941 0l-22.667-22.667c-9.357-9.357-9.375-24.522-.04-33.901L188.505 256 34.484 101.255c-9.335-9.379-9.317-24.544.04-33.901l22.667-22.667c9.373-9.373 24.569-9.373 33.941 0L285.475 239.03c9.373 9.372 9.373 24.568.001 33.941z\"><\/path><\/svg>\t\t\t<\/span>\n\t\t\t\t\t\t\t\t\t<span class=\"elementor-button-text\">Technische specificaties<\/span>\n\t\t\t\t\t<\/span>\n\t\t\t\t\t<\/a>\n\t\t\t\t\t\t\t\t<\/div>\n\t\t\t\t\t<\/div>\n\t\t\t\t<\/div>\n\t\t\t\t<\/div>\n\t\t","protected":false},"excerpt":{"rendered":"<h5>Hardnekkige vlekken kunnen hun borst natmaken<\/h5>\n<p>Make-up sporen op een kraag, knie\u00ebn vol grasvlekken of hardnekkig stof? De D\u00e9tach\u2019tout Make-up, Aarde &amp; Gras verwijdert deze hardnekkige vlekken grondig en respecteert tegelijkertijd je textiel. <\/p>\n<ul>\n<li>Geschikt voor alle wasbare textiel.<\/li>\n<li>Effectief tegen sporen van make-up, aarde en gras.<\/li>\n<li>Ook te gebruiken op kleine vlekken en delicate stoffen.<\/li>\n<\/ul>\n<div style=\"display: flex; gap: 5px; flex-wrap: wrap;\">\n   <a href=\"https:\/\/www.amazon.fr\/dp\/B07TJFTCD4\" class=\"button\" target=\"_blank\" rel=\"noopener noreferrer\" style=\"flex: 1 1 40%;\"><br \/>\n    <span style=\"display: inline-block; width: 100%; text-align: center;\">Kopen op Amazon<\/span><br \/>\n  <\/a><br \/>\n  <a href=\"https:\/\/www.bol.com\/nl\/nl\/p\/detach-tout-vlekverwijderaar-make-up-aarde-grasvlekken-100ml\/9300000240775837\/\" class=\"button\" target=\"_blank\" rel=\"noopener noreferrer\" style=\"flex: 1 1 40%;\"><br \/>\n    <span style=\"display: inline-block; width: 100%; text-align: center;\">Kopen op Bol<\/span><br \/>\n  <\/a>\n<\/div>\n","protected":false},"featured_media":4642,"comment_status":"open","ping_status":"closed","template":"","meta":[],"product_brand":[28],"product_cat":[39],"product_tag":[],"class_list":{"0":"post-4640","1":"product","2":"type-product","3":"status-publish","4":"has-post-thumbnail","6":"product_brand-detachtout","7":"product_cat-vlekkenverwijderaars","9":"first","10":"instock","11":"featured","12":"shipping-taxable","13":"product-type-simple"},"yoast_head":"<!-- This site is optimized with the Yoast SEO plugin v27.4 - https:\/\/yoast.com\/product\/yoast-seo-wordpress\/ -->\n<title>Vlekverwijderaar Make-up, Aarde &amp; Gras - D\u00e9bouch&#039;tout &amp; Co<\/title>\n<meta name=\"description\" content=\"Hardnekkige vlekken kunnen hun borst natmaken Make-up sporen op een kraag, knie\u00ebn vol grasvlekken of hardnekkig stof? De D\u00e9tach\u2019tout Make-up, Aarde &amp; Gras verwijdert deze hardnekkige vlekken grondig en respecteert tegelijkertijd je textiel.   Geschikt voor alle wasbare textiel.  Effectief tegen sporen van make-up, aarde en gras.  Ook te gebruiken op kleine vlekken en delicate stoffen.      Kopen op Amazon      Kopen op Bol\" \/>\n<meta name=\"robots\" content=\"index, follow, max-snippet:-1, max-image-preview:large, max-video-preview:-1\" \/>\n<link rel=\"canonical\" href=\"https:\/\/debouchtoutco.eu\/nl\/produit\/vlekverwijderaar-make-up-aarde-gras\/\" \/>\n<meta property=\"og:locale\" content=\"nl_NL\" \/>\n<meta property=\"og:type\" content=\"article\" \/>\n<meta property=\"og:title\" content=\"Vlekverwijderaar Make-up, Aarde &amp; Gras - D\u00e9bouch&#039;tout &amp; Co\" \/>\n<meta property=\"og:description\" content=\"Hardnekkige vlekken kunnen hun borst natmaken Make-up sporen op een kraag, knie\u00ebn vol grasvlekken of hardnekkig stof? De D\u00e9tach\u2019tout Make-up, Aarde &amp; Gras verwijdert deze hardnekkige vlekken grondig en respecteert tegelijkertijd je textiel.   Geschikt voor alle wasbare textiel.  Effectief tegen sporen van make-up, aarde en gras.  Ook te gebruiken op kleine vlekken en delicate stoffen.      Kopen op Amazon      Kopen op Bol\" \/>\n<meta property=\"og:url\" content=\"https:\/\/debouchtoutco.eu\/nl\/produit\/vlekverwijderaar-make-up-aarde-gras\/\" \/>\n<meta property=\"og:site_name\" content=\"D\u00e9bouch&#039;tout &amp; Co\" \/>\n<meta property=\"article:publisher\" content=\"https:\/\/www.facebook.com\/debouchtoutpro\" \/>\n<meta property=\"article:modified_time\" content=\"2025-11-07T10:51:01+00:00\" \/>\n<meta property=\"og:image\" content=\"http:\/\/debouchtoutco.eu\/wp-content\/uploads\/2025\/09\/2031116-Detachant-maquillage-terre-herbe-100ml.jpg\" \/>\n\t<meta property=\"og:image:width\" content=\"620\" \/>\n\t<meta property=\"og:image:height\" content=\"720\" \/>\n\t<meta property=\"og:image:type\" content=\"image\/jpeg\" \/>\n<meta name=\"twitter:card\" content=\"summary_large_image\" \/>\n<meta name=\"twitter:label1\" content=\"Geschatte leestijd\" \/>\n\t<meta name=\"twitter:data1\" content=\"1 minuut\" \/>\n<script type=\"application\/ld+json\" class=\"yoast-schema-graph\">{\"@context\":\"https:\\\/\\\/schema.org\",\"@graph\":[{\"@type\":\"WebPage\",\"@id\":\"https:\\\/\\\/debouchtoutco.eu\\\/nl\\\/produit\\\/vlekverwijderaar-make-up-aarde-gras\\\/\",\"url\":\"https:\\\/\\\/debouchtoutco.eu\\\/nl\\\/produit\\\/vlekverwijderaar-make-up-aarde-gras\\\/\",\"name\":\"Vlekverwijderaar Make-up, Aarde &amp; Gras - D\u00e9bouch&#039;tout &amp; Co\",\"isPartOf\":{\"@id\":\"https:\\\/\\\/debouchtoutco.eu\\\/nl\\\/#website\"},\"primaryImageOfPage\":{\"@id\":\"https:\\\/\\\/debouchtoutco.eu\\\/nl\\\/produit\\\/vlekverwijderaar-make-up-aarde-gras\\\/#primaryimage\"},\"image\":{\"@id\":\"https:\\\/\\\/debouchtoutco.eu\\\/nl\\\/produit\\\/vlekverwijderaar-make-up-aarde-gras\\\/#primaryimage\"},\"thumbnailUrl\":\"https:\\\/\\\/debouchtoutco.eu\\\/wp-content\\\/uploads\\\/2025\\\/09\\\/2031116-Detachant-maquillage-terre-herbe-100ml.jpg\",\"datePublished\":\"2025-09-22T12:56:08+00:00\",\"dateModified\":\"2025-11-07T10:51:01+00:00\",\"description\":\"Hardnekkige vlekken kunnen hun borst natmaken Make-up sporen op een kraag, knie\u00ebn vol grasvlekken of hardnekkig stof? De D\u00e9tach\u2019tout Make-up, Aarde &amp; Gras verwijdert deze hardnekkige vlekken grondig en respecteert tegelijkertijd je textiel. Geschikt voor alle wasbare textiel. Effectief tegen sporen van make-up, aarde en gras. Ook te gebruiken op kleine vlekken en delicate stoffen. Kopen op Amazon Kopen op Bol\",\"breadcrumb\":{\"@id\":\"https:\\\/\\\/debouchtoutco.eu\\\/nl\\\/produit\\\/vlekverwijderaar-make-up-aarde-gras\\\/#breadcrumb\"},\"inLanguage\":\"nl-NL\",\"potentialAction\":[{\"@type\":\"ReadAction\",\"target\":[\"https:\\\/\\\/debouchtoutco.eu\\\/nl\\\/produit\\\/vlekverwijderaar-make-up-aarde-gras\\\/\"]}]},{\"@type\":\"ImageObject\",\"inLanguage\":\"nl-NL\",\"@id\":\"https:\\\/\\\/debouchtoutco.eu\\\/nl\\\/produit\\\/vlekverwijderaar-make-up-aarde-gras\\\/#primaryimage\",\"url\":\"https:\\\/\\\/debouchtoutco.eu\\\/wp-content\\\/uploads\\\/2025\\\/09\\\/2031116-Detachant-maquillage-terre-herbe-100ml.jpg\",\"contentUrl\":\"https:\\\/\\\/debouchtoutco.eu\\\/wp-content\\\/uploads\\\/2025\\\/09\\\/2031116-Detachant-maquillage-terre-herbe-100ml.jpg\",\"width\":620,\"height\":720},{\"@type\":\"BreadcrumbList\",\"@id\":\"https:\\\/\\\/debouchtoutco.eu\\\/nl\\\/produit\\\/vlekverwijderaar-make-up-aarde-gras\\\/#breadcrumb\",\"itemListElement\":[{\"@type\":\"ListItem\",\"position\":1,\"name\":\"Home\",\"item\":\"https:\\\/\\\/debouchtoutco.eu\\\/nl\\\/\"},{\"@type\":\"ListItem\",\"position\":2,\"name\":\"Winkel\",\"item\":\"https:\\\/\\\/debouchtoutco.eu\\\/nl\\\/winkel\\\/\"},{\"@type\":\"ListItem\",\"position\":3,\"name\":\"Vlekverwijderaar Make-up, Aarde &amp; Gras\"}]},{\"@type\":\"WebSite\",\"@id\":\"https:\\\/\\\/debouchtoutco.eu\\\/nl\\\/#website\",\"url\":\"https:\\\/\\\/debouchtoutco.eu\\\/nl\\\/\",\"name\":\"D\u00e9bouch'tout & Co\",\"description\":\"Avec D\u00e9bouch\u2019tout &amp; Co, vous avez toujours un super-h\u00e9ros sous l\u2019\u00e9vier.\",\"publisher\":{\"@id\":\"https:\\\/\\\/debouchtoutco.eu\\\/nl\\\/#organization\"},\"potentialAction\":[{\"@type\":\"SearchAction\",\"target\":{\"@type\":\"EntryPoint\",\"urlTemplate\":\"https:\\\/\\\/debouchtoutco.eu\\\/nl\\\/?s={search_term_string}\"},\"query-input\":{\"@type\":\"PropertyValueSpecification\",\"valueRequired\":true,\"valueName\":\"search_term_string\"}}],\"inLanguage\":\"nl-NL\"},{\"@type\":\"Organization\",\"@id\":\"https:\\\/\\\/debouchtoutco.eu\\\/nl\\\/#organization\",\"name\":\"D\u00e9bouch'tout &amp; co\",\"url\":\"https:\\\/\\\/debouchtoutco.eu\\\/nl\\\/\",\"logo\":{\"@type\":\"ImageObject\",\"inLanguage\":\"nl-NL\",\"@id\":\"https:\\\/\\\/debouchtoutco.eu\\\/nl\\\/#\\\/schema\\\/logo\\\/image\\\/\",\"url\":\"https:\\\/\\\/debouchtoutco.eu\\\/wp-content\\\/uploads\\\/2025\\\/10\\\/logo-Debouchtout-Co.webp\",\"contentUrl\":\"https:\\\/\\\/debouchtoutco.eu\\\/wp-content\\\/uploads\\\/2025\\\/10\\\/logo-Debouchtout-Co.webp\",\"width\":607,\"height\":400,\"caption\":\"D\u00e9bouch'tout &amp; co\"},\"image\":{\"@id\":\"https:\\\/\\\/debouchtoutco.eu\\\/nl\\\/#\\\/schema\\\/logo\\\/image\\\/\"},\"sameAs\":[\"https:\\\/\\\/www.facebook.com\\\/debouchtoutpro\",\"https:\\\/\\\/www.instagram.com\\\/debouchtout_and_co\\\/\"]}]}<\/script>\n<!-- \/ Yoast SEO plugin. -->","yoast_head_json":{"title":"Vlekverwijderaar Make-up, Aarde &amp; Gras - D\u00e9bouch&#039;tout &amp; Co","description":"Hardnekkige vlekken kunnen hun borst natmaken Make-up sporen op een kraag, knie\u00ebn vol grasvlekken of hardnekkig stof? De D\u00e9tach\u2019tout Make-up, Aarde &amp; Gras verwijdert deze hardnekkige vlekken grondig en respecteert tegelijkertijd je textiel.   Geschikt voor alle wasbare textiel.  Effectief tegen sporen van make-up, aarde en gras.  Ook te gebruiken op kleine vlekken en delicate stoffen.      Kopen op Amazon      Kopen op Bol","robots":{"index":"index","follow":"follow","max-snippet":"max-snippet:-1","max-image-preview":"max-image-preview:large","max-video-preview":"max-video-preview:-1"},"canonical":"https:\/\/debouchtoutco.eu\/nl\/produit\/vlekverwijderaar-make-up-aarde-gras\/","og_locale":"nl_NL","og_type":"article","og_title":"Vlekverwijderaar Make-up, Aarde &amp; Gras - D\u00e9bouch&#039;tout &amp; Co","og_description":"Hardnekkige vlekken kunnen hun borst natmaken Make-up sporen op een kraag, knie\u00ebn vol grasvlekken of hardnekkig stof? De D\u00e9tach\u2019tout Make-up, Aarde &amp; Gras verwijdert deze hardnekkige vlekken grondig en respecteert tegelijkertijd je textiel.   Geschikt voor alle wasbare textiel.  Effectief tegen sporen van make-up, aarde en gras.  Ook te gebruiken op kleine vlekken en delicate stoffen.      Kopen op Amazon      Kopen op Bol","og_url":"https:\/\/debouchtoutco.eu\/nl\/produit\/vlekverwijderaar-make-up-aarde-gras\/","og_site_name":"D\u00e9bouch&#039;tout &amp; Co","article_publisher":"https:\/\/www.facebook.com\/debouchtoutpro","article_modified_time":"2025-11-07T10:51:01+00:00","og_image":[{"width":620,"height":720,"url":"http:\/\/debouchtoutco.eu\/wp-content\/uploads\/2025\/09\/2031116-Detachant-maquillage-terre-herbe-100ml.jpg","type":"image\/jpeg"}],"twitter_card":"summary_large_image","twitter_misc":{"Geschatte leestijd":"1 minuut"},"schema":{"@context":"https:\/\/schema.org","@graph":[{"@type":"WebPage","@id":"https:\/\/debouchtoutco.eu\/nl\/produit\/vlekverwijderaar-make-up-aarde-gras\/","url":"https:\/\/debouchtoutco.eu\/nl\/produit\/vlekverwijderaar-make-up-aarde-gras\/","name":"Vlekverwijderaar Make-up, Aarde &amp; Gras - D\u00e9bouch&#039;tout &amp; Co","isPartOf":{"@id":"https:\/\/debouchtoutco.eu\/nl\/#website"},"primaryImageOfPage":{"@id":"https:\/\/debouchtoutco.eu\/nl\/produit\/vlekverwijderaar-make-up-aarde-gras\/#primaryimage"},"image":{"@id":"https:\/\/debouchtoutco.eu\/nl\/produit\/vlekverwijderaar-make-up-aarde-gras\/#primaryimage"},"thumbnailUrl":"https:\/\/debouchtoutco.eu\/wp-content\/uploads\/2025\/09\/2031116-Detachant-maquillage-terre-herbe-100ml.jpg","datePublished":"2025-09-22T12:56:08+00:00","dateModified":"2025-11-07T10:51:01+00:00","description":"Hardnekkige vlekken kunnen hun borst natmaken Make-up sporen op een kraag, knie\u00ebn vol grasvlekken of hardnekkig stof? De D\u00e9tach\u2019tout Make-up, Aarde &amp; Gras verwijdert deze hardnekkige vlekken grondig en respecteert tegelijkertijd je textiel. Geschikt voor alle wasbare textiel. Effectief tegen sporen van make-up, aarde en gras. Ook te gebruiken op kleine vlekken en delicate stoffen. Kopen op Amazon Kopen op Bol","breadcrumb":{"@id":"https:\/\/debouchtoutco.eu\/nl\/produit\/vlekverwijderaar-make-up-aarde-gras\/#breadcrumb"},"inLanguage":"nl-NL","potentialAction":[{"@type":"ReadAction","target":["https:\/\/debouchtoutco.eu\/nl\/produit\/vlekverwijderaar-make-up-aarde-gras\/"]}]},{"@type":"ImageObject","inLanguage":"nl-NL","@id":"https:\/\/debouchtoutco.eu\/nl\/produit\/vlekverwijderaar-make-up-aarde-gras\/#primaryimage","url":"https:\/\/debouchtoutco.eu\/wp-content\/uploads\/2025\/09\/2031116-Detachant-maquillage-terre-herbe-100ml.jpg","contentUrl":"https:\/\/debouchtoutco.eu\/wp-content\/uploads\/2025\/09\/2031116-Detachant-maquillage-terre-herbe-100ml.jpg","width":620,"height":720},{"@type":"BreadcrumbList","@id":"https:\/\/debouchtoutco.eu\/nl\/produit\/vlekverwijderaar-make-up-aarde-gras\/#breadcrumb","itemListElement":[{"@type":"ListItem","position":1,"name":"Home","item":"https:\/\/debouchtoutco.eu\/nl\/"},{"@type":"ListItem","position":2,"name":"Winkel","item":"https:\/\/debouchtoutco.eu\/nl\/winkel\/"},{"@type":"ListItem","position":3,"name":"Vlekverwijderaar Make-up, Aarde &amp; Gras"}]},{"@type":"WebSite","@id":"https:\/\/debouchtoutco.eu\/nl\/#website","url":"https:\/\/debouchtoutco.eu\/nl\/","name":"D\u00e9bouch'tout & Co","description":"Avec D\u00e9bouch\u2019tout &amp; Co, vous avez toujours un super-h\u00e9ros sous l\u2019\u00e9vier.","publisher":{"@id":"https:\/\/debouchtoutco.eu\/nl\/#organization"},"potentialAction":[{"@type":"SearchAction","target":{"@type":"EntryPoint","urlTemplate":"https:\/\/debouchtoutco.eu\/nl\/?s={search_term_string}"},"query-input":{"@type":"PropertyValueSpecification","valueRequired":true,"valueName":"search_term_string"}}],"inLanguage":"nl-NL"},{"@type":"Organization","@id":"https:\/\/debouchtoutco.eu\/nl\/#organization","name":"D\u00e9bouch'tout &amp; co","url":"https:\/\/debouchtoutco.eu\/nl\/","logo":{"@type":"ImageObject","inLanguage":"nl-NL","@id":"https:\/\/debouchtoutco.eu\/nl\/#\/schema\/logo\/image\/","url":"https:\/\/debouchtoutco.eu\/wp-content\/uploads\/2025\/10\/logo-Debouchtout-Co.webp","contentUrl":"https:\/\/debouchtoutco.eu\/wp-content\/uploads\/2025\/10\/logo-Debouchtout-Co.webp","width":607,"height":400,"caption":"D\u00e9bouch'tout &amp; co"},"image":{"@id":"https:\/\/debouchtoutco.eu\/nl\/#\/schema\/logo\/image\/"},"sameAs":["https:\/\/www.facebook.com\/debouchtoutpro","https:\/\/www.instagram.com\/debouchtout_and_co\/"]}]}},"_links":{"self":[{"href":"https:\/\/debouchtoutco.eu\/nl\/wp-json\/wp\/v2\/product\/4640","targetHints":{"allow":["GET"]}}],"collection":[{"href":"https:\/\/debouchtoutco.eu\/nl\/wp-json\/wp\/v2\/product"}],"about":[{"href":"https:\/\/debouchtoutco.eu\/nl\/wp-json\/wp\/v2\/types\/product"}],"replies":[{"embeddable":true,"href":"https:\/\/debouchtoutco.eu\/nl\/wp-json\/wp\/v2\/comments?post=4640"}],"version-history":[{"count":14,"href":"https:\/\/debouchtoutco.eu\/nl\/wp-json\/wp\/v2\/product\/4640\/revisions"}],"predecessor-version":[{"id":5151,"href":"https:\/\/debouchtoutco.eu\/nl\/wp-json\/wp\/v2\/product\/4640\/revisions\/5151"}],"wp:featuredmedia":[{"embeddable":true,"href":"https:\/\/debouchtoutco.eu\/nl\/wp-json\/wp\/v2\/media\/4642"}],"wp:attachment":[{"href":"https:\/\/debouchtoutco.eu\/nl\/wp-json\/wp\/v2\/media?parent=4640"}],"wp:term":[{"taxonomy":"product_brand","embeddable":true,"href":"https:\/\/debouchtoutco.eu\/nl\/wp-json\/wp\/v2\/product_brand?post=4640"},{"taxonomy":"product_cat","embeddable":true,"href":"https:\/\/debouchtoutco.eu\/nl\/wp-json\/wp\/v2\/product_cat?post=4640"},{"taxonomy":"product_tag","embeddable":true,"href":"https:\/\/debouchtoutco.eu\/nl\/wp-json\/wp\/v2\/product_tag?post=4640"}],"curies":[{"name":"wp","href":"https:\/\/api.w.org\/{rel}","templated":true}]}}